{"id":53,"date":"2024-12-16T15:46:31","date_gmt":"2024-12-16T14:46:31","guid":{"rendered":"https:\/\/botteghe.vivimonte.it\/la-ciera-dei-colli\/?post_type=product&#038;p=53"},"modified":"2025-05-09T13:02:17","modified_gmt":"2025-05-09T11:02:17","slug":"olio-evo-5-lt","status":"publish","type":"product","link":"https:\/\/botteghe.vivimonte.it\/la-ciera-dei-colli\/prodotto\/olio-evo-5-lt","title":{"rendered":"Olio Extra Vergine &#8211; 1 Latta da 5lt"},"content":{"rendered":"<p>\u00c8 un Extravergine di Oliva dal carattere delicato. Il colore \u00e8 giallo oro con riflessi di verde. Il sapore \u00e8 fruttato con richiami di erbetta e mandorla fresca. Indicato per zuppe, legumi, carni rosse e bianche, per insaporire verdure cotte. Estratto a freddo.<\/p>\n<p>Olio Extra Vergine di Oliva di categoria superiore ottenuto<br \/>\ndirettamente dalle olive e unicamente mediante procedimenti meccanici.<br \/>\nProdotto 100% italiano.<\/p>\n<p>1 latta da 5lt.<\/p>\n","protected":false},"excerpt":{"rendered":"<p>Olio Extra Vergine di Oliva di categoria superiore e dal carattere delicato, ottenuto direttamente delle olive e unicamente mediante procedimenti meccanici.<\/p>\n","protected":false},"featured_media":57,"template":"","meta":{"inline_featured_image":false},"product_cat":[18],"product_tag":[],"class_list":{"0":"post-53","1":"product","2":"type-product","3":"status-publish","4":"has-post-thumbnail","6":"product_cat-olio-evo","8":"first","9":"instock","10":"shipping-taxable","11":"purchasable","12":"product-type-simple"},"_links":{"self":[{"href":"https:\/\/botteghe.vivimonte.it\/la-ciera-dei-colli\/wp-json\/wp\/v2\/product\/53","targetHints":{"allow":["GET"]}}],"collection":[{"href":"https:\/\/botteghe.vivimonte.it\/la-ciera-dei-colli\/wp-json\/wp\/v2\/product"}],"about":[{"href":"https:\/\/botteghe.vivimonte.it\/la-ciera-dei-colli\/wp-json\/wp\/v2\/types\/product"}],"wp:featuredmedia":[{"embeddable":true,"href":"https:\/\/botteghe.vivimonte.it\/la-ciera-dei-colli\/wp-json\/wp\/v2\/media\/57"}],"wp:attachment":[{"href":"https:\/\/botteghe.vivimonte.it\/la-ciera-dei-colli\/wp-json\/wp\/v2\/media?parent=53"}],"wp:term":[{"taxonomy":"product_cat","embeddable":true,"href":"https:\/\/botteghe.vivimonte.it\/la-ciera-dei-colli\/wp-json\/wp\/v2\/product_cat?post=53"},{"taxonomy":"product_tag","embeddable":true,"href":"https:\/\/botteghe.vivimonte.it\/la-ciera-dei-colli\/wp-json\/wp\/v2\/product_tag?post=53"}],"curies":[{"name":"wp","href":"https:\/\/api.w.org\/{rel}","templated":true}]}}